{"id":5331,"date":"2025-04-15T16:12:51","date_gmt":"2025-04-15T14:12:51","guid":{"rendered":"https:\/\/www.lit-beratung.de\/datenschutzerklaerung-copy\/"},"modified":"2026-05-04T13:25:19","modified_gmt":"2026-05-04T11:25:19","slug":"agb","status":"publish","type":"page","link":"https:\/\/www.lit-beratung.de\/de-ch\/agb\/","title":{"rendered":"Allgemeine Gesch\u00e4ftsbedingungen (AGB)"},"content":{"rendered":"\n<h2 class=\"wp-block-heading\">Allgemeine Gesch\u00e4ftsbedingungen (AGB)<\/h2>\n\n\n\n<p class=\"has-small-font-size\" id=\"-generalterms\" style=\"font-style:normal;font-weight:500;text-decoration:underline\"><\/p>\n\n\n\n<p>Die im Angebot \/ Auftrag genannten vorl\u00e4ufigen Aufwandssch\u00e4tzungen beruhen auf Erfahrungswerten in \u00e4hnlichen Projekten.<br>Die Abrechnung der Dienstleistungen erfolgt nach tats\u00e4chlichem Aufwand, falls es sich nicht um eine Pauschale handelt. Bei der Angabe in der Einheit Tage gilt 1 Tag = 8 Stunden.<\/p>\n\n\n\n<p>Die Preise f\u00fcr Dienstleistungen gelten f\u00fcr die Zeit innerhalb unserer \u00fcblichen Gesch\u00e4ftszeiten, Montag bis Donnerstag von 08:00 Uhr bis 17:00 Uhr und Freitag von 08:00 Uhr bis 14:00 Uhr. Soweit keine abweichenden Regelungen getroffen werden, gelten f\u00fcr die Dienstleistungserbringung au\u00dferhalb dieser Zeiten folgende Aufschl\u00e4ge auf die Dienstleistungspreise:<\/p>\n\n\n\n<ul class=\"wp-block-list\">\n<li>Montag &#8211; Freitag 06:00 Uhr bis 08:00 Uhr 50 % Preisaufschlag<\/li>\n\n\n\n<li>Montag &#8211; Freitag 17:00 Uhr bis 22:00 Uhr 50 % Preisaufschlag<\/li>\n\n\n\n<li>Samstag 06:00 bis 22:00 Uhr 50 % Preisaufschlag<\/li>\n\n\n\n<li>Sonntag 06:00 bis 22:00 Uhr 100 % Preisaufschlag<\/li>\n\n\n\n<li>Gesetzlicher Feiertag 06:00 bis 22:00 Uhr 100 % Preisaufschlag<\/li>\n<\/ul>\n\n\n\n<p>Bei T\u00e4tigkeiten vor Ort stellen wir zus\u00e4tzlich Reisekosten und -zeit (Hinweis: Preis pro km siehe Preisliste), \u00dcbernachtungskosten und Spesen in Rechnung.<\/p>\n\n\n\n<p><strong>Zahlungsbedingungen:<\/strong><\/p>\n\n\n\n<p>Innerhalb von 21 Tagen rein netto nach Rechnungsstellung. Alle genannten Preise verstehen sich zzgl. der gesetzlich g\u00fcltigen Mehrwertsteuer.<\/p>\n\n\n\n<p><strong>Weitere Regelungen:<\/strong><\/p>\n\n\n\n<p>(1) Die LIT bietet ihre Leistungen nach den folgenden Bestimmungen an, die speziell auf die an Sie zu erbringenden Leistungen hin angepasst sind. Sie sind jedoch nicht abschlie\u00dfend zu betrachten.<\/p>\n\n\n\n<p>(2) Die LIT erbringt ihre Leistungen ausschlie\u00dflich im Rahmen eines Auftrags.<\/p>\n\n\n\n<p>(3) Nur Entwicklungsleistungen als Pauschale unterliegen den Bestimmungen von werkvertraglichen Leistungen.<\/p>\n\n\n\n<p>(4) Mitwirkungsleistungen: Der Kunde erkennt an, dass die ordnungsgem\u00e4\u00dfe und rechtzeitige Erf\u00fcllung seiner definierten Mitwirkungsleistungen eine wesentliche Vertragspflicht und Voraussetzung f\u00fcr die ordentliche Erf\u00fcllung der Leistungen in Bezug auf Kosten, Qualit\u00e4t und Zeit darstellen. Verz\u00f6gert sich die Bereitstellung der Mitwirkungsleistungen des Kunden, so ist LIT daher berechtigt, neben ihrem Zur\u00fcckbehaltungsrecht etwaig dadurch entstehende Mehrkosten und Fristverl\u00e4ngerungen geltend zu machen. Weitere Rechte bleiben davon unber\u00fchrt.<\/p>\n\n\n\n<p>(5) Abnahme bei werkvertraglichen Leistungen: Soweit nichts anderweitig vereinbart ist, gelten Teilleistungen oder Leistungen als teilabnahmef\u00e4hig sowie im Falle der Teilabnahme als erf\u00fcllte Werkleistungen. Meldet die LIT dem Kunden ihre Bereitschaft zur Abnahme (Testbereitschaft auf dem Testsystem des Kunden) an, so hat der Kunde die entsprechende Abnahme innerhalb der im Auftrag genannten Frist oder sonst innerhalb von 15 Tagen nach Bereitschaftserkl\u00e4rung zu erkl\u00e4ren oder substanziiert begr\u00fcndet zu verweigern. Nach Ablauf der Frist gilt die Teilleistung oder Leistung als abgenommen, es sei denn, der Kunde hat fristgem\u00e4\u00df berechtigte Gr\u00fcnde angegeben, aufgrund derer er die Abnahme verweigert. Nach dieser Frist vorgebrachte Gr\u00fcnde berechtigen nicht zur Verweigerung der Abnahme, soweit diese innerhalb der Abnahmefrist erkennbar waren. Der Kunde kann die Abnahme nur bei M\u00e4ngeln der Fehlerklassen 1 und 2 verweigern. Nutzt der Kunde wiederholt die Leistungen im operativen Betrieb, gelten die Leistungen als abgenommen. Gleiches gilt, sollte der Kunde Leistungen in der n\u00e4chsten Leistungsphase bzw. innerhalb des n\u00e4chsten Meilensteins wissentlich und unwidersprochen empfangen oder solche durch LIT fortsetzen lassen. S\u00e4mtliche M\u00e4ngel sind auf einer LoP-Liste (Liste offener Punkte, z. B. in Jira) festzuhalten und in angemessener Frist zu beheben.<\/p>\n\n\n\n<p>(6) Fehlerklassen:<\/p>\n\n\n\n<ul class=\"wp-block-list\">\n<li>Klasse 1: M\u00e4ngel, die den Einsatz der Leistungen umf\u00e4nglich verhindern<\/li>\n\n\n\n<li>Klasse 2: Umst\u00e4nde, die die Nutzung wesentlicher Systemfunktionalit\u00e4ten verhindern<\/li>\n\n\n\n<li>Klasse 3: alle anderen M\u00e4ngel<\/li>\n<\/ul>\n\n\n\n<p>(7) Haftung: Soweit gesetzlich zul\u00e4ssig, ist die Haftung von LIT f\u00fcr Sch\u00e4den insgesamt auf 100 % des Betrages begrenzt, welcher der Kunde in den letzten 12 Monaten vor dem Schadenereignis unter dem entsprechenden Auftrag, unter dem der Schaden entstanden ist, beauftragt hat, pro Schadensereignis begrenzt auf 30 % des zuvor genannten Betrags. Ist die Vertragslaufzeit weniger als 12 Monate, wird eine anteilige Hochrechnung vorgenommen.<\/p>\n\n\n\n<p>Beide Vertragspartner haften nicht f\u00fcr indirekte Sch\u00e4den, insbesondere nicht wegen entgangenen Gewinns, erh\u00f6hter Betriebskosten, Betriebsunterbrechung und\/oder Anspr\u00fcche Dritter.<\/p>\n\n\n\n<p>LIT haftet bei von LIT eindeutig verschuldetem Verzug von mehr als 20 Werktagen \u00fcber dem verbindlich vereinbarten Endliefertermin pro vollendete Woche der Versp\u00e4tung f\u00fcr pauschalisierten Schadenersatz in H\u00f6he von 1 % des Wertes des von der Versp\u00e4tung betroffenen verbindlich vereinbarten Liefertermins, maximal jedoch bis zu 10 % dieses Betrages. Sonstige Anspr\u00fcche wegen Verzugs sind ausgeschlossen. Der Kunde muss den Schadenersatz aktiv innerhalb von sechs Monaten einfordern.<\/p>\n\n\n\n<p>LIT haftet f\u00fcr M\u00e4ngel w\u00e4hrend eines Zeitraums von einem Jahr nach Abnahme bzw. Teilabnahme der entsprechenden Leistungen.<\/p>\n\n\n\n<p>(8) LIT gew\u00e4hrt dem Kunden nicht-ausschlie\u00dfliche, auf dessen im Sinne von Art. 963 Abs. 2 OR verbundene Unternehmen \u00fcbertragbare Nutzungsrechte f\u00fcr alle Arbeitsergebnisse, die LIT im Rahmen des entsprechenden Auftrages erzielt und bezahlt bekommen hat, sowie f\u00fcr alle anderen bereits zuvor bestehenden, im Rahmen der Leistungserbringung eingebrachten Nutzungsrechte zum alleinigen Zweck der Nutzung der zuvor erw\u00e4hnten Arbeitsergebnisse in der Betriebsumgebung.<\/p>\n\n\n\n<p>(9) Die Wartungsgeb\u00fchren bei Lizenzk\u00e4ufen unterliegen einer j\u00e4hrlichen Preisanpassung.<\/p>\n\n\n\n<p>(10) M\u00fcndliche Nebenabreden bestehen nicht, ma\u00dfgebend sind ausschlie\u00dflich Angebote oder Auftragsbest\u00e4tigungen.<\/p>\n\n\n\n<hr class=\"wp-block-separator has-alpha-channel-opacity\"\/>\n\n\n\n<p><a id=\"_msocom_1\"><\/a><\/p>\n","protected":false},"excerpt":{"rendered":"<p>Allgemeine Gesch\u00e4ftsbedingungen (AGB) Die im Angebot \/ Auftrag genannten vorl\u00e4ufigen Aufwandssch\u00e4tzungen beruhen auf Erfahrungswerten in \u00e4hnlichen Projekten.Die Abrechnung der Dienstleistungen erfolgt nach tats\u00e4chlichem Aufwand, falls es sich nicht um eine Pauschale handelt. Bei der Angabe in der Einheit Tage gilt 1 Tag = 8 Stunden. Die Preise f\u00fcr Dienstleistungen gelten f\u00fcr die Zeit innerhalb unserer [&hellip;]<\/p>\n","protected":false},"author":5,"featured_media":0,"parent":0,"menu_order":10,"comment_status":"closed","ping_status":"closed","template":"","meta":{"inline_featured_image":false,"footnotes":""},"wf_page_folders":[],"class_list":["post-5331","page","type-page","status-publish","hentry"],"acf":[],"yoast_head":"<!-- This site is optimized with the Yoast SEO plugin v27.5 - https:\/\/yoast.com\/product\/yoast-seo-wordpress\/ -->\n<title>Allgemeine Gesch\u00e4ftsbedingungen (AGB) - LIT Beratung GmbH<\/title>\n<meta name=\"robots\" content=\"index, follow, max-snippet:-1, max-image-preview:large, max-video-preview:-1\" \/>\n<link rel=\"canonical\" href=\"https:\/\/www.lit-beratung.de\/de-ch\/agb\/\" \/>\n<meta property=\"og:locale\" content=\"de_DE\" \/>\n<meta property=\"og:type\" content=\"article\" \/>\n<meta property=\"og:title\" content=\"Allgemeine Gesch\u00e4ftsbedingungen (AGB) - LIT Beratung GmbH\" \/>\n<meta property=\"og:description\" content=\"Allgemeine Gesch\u00e4ftsbedingungen (AGB) Die im Angebot \/ Auftrag genannten vorl\u00e4ufigen Aufwandssch\u00e4tzungen beruhen auf Erfahrungswerten in \u00e4hnlichen Projekten.Die Abrechnung der Dienstleistungen erfolgt nach tats\u00e4chlichem Aufwand, falls es sich nicht um eine Pauschale handelt. Bei der Angabe in der Einheit Tage gilt 1 Tag = 8 Stunden. Die Preise f\u00fcr Dienstleistungen gelten f\u00fcr die Zeit innerhalb unserer [&hellip;]\" \/>\n<meta property=\"og:url\" content=\"https:\/\/www.lit-beratung.de\/de-ch\/agb\/\" \/>\n<meta property=\"og:site_name\" content=\"LIT Beratung GmbH\" \/>\n<meta property=\"article:modified_time\" content=\"2026-05-04T11:25:19+00:00\" \/>\n<meta name=\"twitter:card\" content=\"summary_large_image\" \/>\n<meta name=\"twitter:label1\" content=\"Gesch\u00e4tzte Lesezeit\" \/>\n\t<meta name=\"twitter:data1\" content=\"5\u00a0Minuten\" \/>\n<script type=\"application\/ld+json\" class=\"yoast-schema-graph\">{\"@context\":\"https:\\\/\\\/schema.org\",\"@graph\":[{\"@type\":\"WebPage\",\"@id\":\"https:\\\/\\\/www.lit-beratung.de\\\/de-ch\\\/agb\\\/\",\"url\":\"https:\\\/\\\/www.lit-beratung.de\\\/de-ch\\\/agb\\\/\",\"name\":\"Allgemeine Gesch\u00e4ftsbedingungen (AGB) - LIT Beratung GmbH\",\"isPartOf\":{\"@id\":\"https:\\\/\\\/www.lit-beratung.de\\\/#website\"},\"datePublished\":\"2025-04-15T14:12:51+00:00\",\"dateModified\":\"2026-05-04T11:25:19+00:00\",\"breadcrumb\":{\"@id\":\"https:\\\/\\\/www.lit-beratung.de\\\/de-ch\\\/agb\\\/#breadcrumb\"},\"inLanguage\":\"de-CH\",\"potentialAction\":[{\"@type\":\"ReadAction\",\"target\":[\"https:\\\/\\\/www.lit-beratung.de\\\/de-ch\\\/agb\\\/\"]}]},{\"@type\":\"BreadcrumbList\",\"@id\":\"https:\\\/\\\/www.lit-beratung.de\\\/de-ch\\\/agb\\\/#breadcrumb\",\"itemListElement\":[{\"@type\":\"ListItem\",\"position\":1,\"name\":\"Start\",\"item\":\"https:\\\/\\\/www.lit-beratung.de\\\/de-ch\\\/\"},{\"@type\":\"ListItem\",\"position\":2,\"name\":\"Allgemeine Gesch\u00e4ftsbedingungen (AGB)\"}]},{\"@type\":\"WebSite\",\"@id\":\"https:\\\/\\\/www.lit-beratung.de\\\/#website\",\"url\":\"https:\\\/\\\/www.lit-beratung.de\\\/\",\"name\":\"LIT Beratung GmbH\",\"description\":\"\",\"potentialAction\":[{\"@type\":\"SearchAction\",\"target\":{\"@type\":\"EntryPoint\",\"urlTemplate\":\"https:\\\/\\\/www.lit-beratung.de\\\/?s={search_term_string}\"},\"query-input\":{\"@type\":\"PropertyValueSpecification\",\"valueRequired\":true,\"valueName\":\"search_term_string\"}}],\"inLanguage\":\"de-CH\"}]}<\/script>\n<!-- \/ Yoast SEO plugin. -->","yoast_head_json":{"title":"Allgemeine Gesch\u00e4ftsbedingungen (AGB) - LIT Beratung GmbH","robots":{"index":"index","follow":"follow","max-snippet":"max-snippet:-1","max-image-preview":"max-image-preview:large","max-video-preview":"max-video-preview:-1"},"canonical":"https:\/\/www.lit-beratung.de\/de-ch\/agb\/","og_locale":"de_DE","og_type":"article","og_title":"Allgemeine Gesch\u00e4ftsbedingungen (AGB) - LIT Beratung GmbH","og_description":"Allgemeine Gesch\u00e4ftsbedingungen (AGB) Die im Angebot \/ Auftrag genannten vorl\u00e4ufigen Aufwandssch\u00e4tzungen beruhen auf Erfahrungswerten in \u00e4hnlichen Projekten.Die Abrechnung der Dienstleistungen erfolgt nach tats\u00e4chlichem Aufwand, falls es sich nicht um eine Pauschale handelt. Bei der Angabe in der Einheit Tage gilt 1 Tag = 8 Stunden. Die Preise f\u00fcr Dienstleistungen gelten f\u00fcr die Zeit innerhalb unserer [&hellip;]","og_url":"https:\/\/www.lit-beratung.de\/de-ch\/agb\/","og_site_name":"LIT Beratung GmbH","article_modified_time":"2026-05-04T11:25:19+00:00","twitter_card":"summary_large_image","twitter_misc":{"Gesch\u00e4tzte Lesezeit":"5\u00a0Minuten"},"schema":{"@context":"https:\/\/schema.org","@graph":[{"@type":"WebPage","@id":"https:\/\/www.lit-beratung.de\/de-ch\/agb\/","url":"https:\/\/www.lit-beratung.de\/de-ch\/agb\/","name":"Allgemeine Gesch\u00e4ftsbedingungen (AGB) - LIT Beratung GmbH","isPartOf":{"@id":"https:\/\/www.lit-beratung.de\/#website"},"datePublished":"2025-04-15T14:12:51+00:00","dateModified":"2026-05-04T11:25:19+00:00","breadcrumb":{"@id":"https:\/\/www.lit-beratung.de\/de-ch\/agb\/#breadcrumb"},"inLanguage":"de-CH","potentialAction":[{"@type":"ReadAction","target":["https:\/\/www.lit-beratung.de\/de-ch\/agb\/"]}]},{"@type":"BreadcrumbList","@id":"https:\/\/www.lit-beratung.de\/de-ch\/agb\/#breadcrumb","itemListElement":[{"@type":"ListItem","position":1,"name":"Start","item":"https:\/\/www.lit-beratung.de\/de-ch\/"},{"@type":"ListItem","position":2,"name":"Allgemeine Gesch\u00e4ftsbedingungen (AGB)"}]},{"@type":"WebSite","@id":"https:\/\/www.lit-beratung.de\/#website","url":"https:\/\/www.lit-beratung.de\/","name":"LIT Beratung GmbH","description":"","potentialAction":[{"@type":"SearchAction","target":{"@type":"EntryPoint","urlTemplate":"https:\/\/www.lit-beratung.de\/?s={search_term_string}"},"query-input":{"@type":"PropertyValueSpecification","valueRequired":true,"valueName":"search_term_string"}}],"inLanguage":"de-CH"}]}},"_links":{"self":[{"href":"https:\/\/www.lit-beratung.de\/de-ch\/wp-json\/wp\/v2\/pages\/5331","targetHints":{"allow":["GET"]}}],"collection":[{"href":"https:\/\/www.lit-beratung.de\/de-ch\/wp-json\/wp\/v2\/pages"}],"about":[{"href":"https:\/\/www.lit-beratung.de\/de-ch\/wp-json\/wp\/v2\/types\/page"}],"author":[{"embeddable":true,"href":"https:\/\/www.lit-beratung.de\/de-ch\/wp-json\/wp\/v2\/users\/5"}],"replies":[{"embeddable":true,"href":"https:\/\/www.lit-beratung.de\/de-ch\/wp-json\/wp\/v2\/comments?post=5331"}],"version-history":[{"count":6,"href":"https:\/\/www.lit-beratung.de\/de-ch\/wp-json\/wp\/v2\/pages\/5331\/revisions"}],"predecessor-version":[{"id":13267,"href":"https:\/\/www.lit-beratung.de\/de-ch\/wp-json\/wp\/v2\/pages\/5331\/revisions\/13267"}],"wp:attachment":[{"href":"https:\/\/www.lit-beratung.de\/de-ch\/wp-json\/wp\/v2\/media?parent=5331"}],"wp:term":[{"taxonomy":"wf_page_folders","embeddable":true,"href":"https:\/\/www.lit-beratung.de\/de-ch\/wp-json\/wp\/v2\/wf_page_folders?post=5331"}],"curies":[{"name":"wp","href":"https:\/\/api.w.org\/{rel}","templated":true}]}}