{"id":3480,"date":"2023-05-19T08:53:04","date_gmt":"2023-05-19T06:53:04","guid":{"rendered":"https:\/\/www.lit-beratung.de\/lit-module\/lit-monitoring\/"},"modified":"2026-02-26T12:01:32","modified_gmt":"2026-02-26T11:01:32","slug":"modul-lit-monitoring","status":"publish","type":"page","link":"https:\/\/www.lit-beratung.de\/de-ch\/modul-lit-monitoring\/","title":{"rendered":"Modul LIT Monitoring"},"content":{"rendered":"\r\n<section id=\"cc-site-hero-block_16de1fdcedf9a8627aa135c8c5be1aa3\" class=\"site-hero site-hero-block full-width p-0\">\r\n\r\n    <!-- <small><pre>Array\n(\n    [width] => 2560\n    [height] => 1706\n    [file] => 2023\/05\/iStock-1286642964-scaled.jpg\n    [filesize] => 319420\n    [sizes] => Array\n        (\n            [medium] => Array\n                (\n                    [file] => iStock-1286642964-300x200.jpg\n                    [width] => 300\n                    [height] => 200\n                    [mime-type] => image\/jpeg\n                    [filesize] => 12575\n                )\n\n            [large] => Array\n                (\n                    [file] => iStock-1286642964-1024x683.jpg\n                    [width] => 1024\n                    [height] => 683\n                    [mime-type] => image\/jpeg\n                    [filesize] => 80771\n                )\n\n            [thumbnail] => Array\n                (\n                    [file] => iStock-1286642964-150x150.jpg\n                    [width] => 150\n                    [height] => 150\n                    [mime-type] => image\/jpeg\n                    [filesize] => 6951\n                )\n\n            [medium_large] => Array\n                (\n                    [file] => iStock-1286642964-768x512.jpg\n                    [width] => 768\n                    [height] => 512\n                    [mime-type] => image\/jpeg\n                    [filesize] => 52336\n                )\n\n            [1536x1536] => Array\n                (\n                    [file] => iStock-1286642964-1536x1024.jpg\n                    [width] => 1536\n                    [height] => 1024\n                    [mime-type] => image\/jpeg\n                    [filesize] => 147650\n                )\n\n            [2048x2048] => Array\n                (\n                    [file] => iStock-1286642964-2048x1365.jpg\n                    [width] => 2048\n                    [height] => 1365\n                    [mime-type] => image\/jpeg\n                    [filesize] => 227620\n                )\n\n            [card-thumbnail] => Array\n                (\n                    [file] => iStock-1286642964-401x325.jpg\n                    [width] => 401\n                    [height] => 325\n                    [mime-type] => image\/jpeg\n                    [filesize] => 24529\n                )\n\n        )\n\n    [image_meta] => Array\n        (\n            [aperture] => 0\n            [credit] => Getty Images\/iStockphoto\n            [camera] => \n            [caption] => Analyst working with Business Analytics and Data Management System on computer to make report with KPI and metrics connected to database. Corporate strategy for finance, operations, sales, marketing\n            [created_timestamp] => 1601655748\n            [copyright] => Nicolas Herrbach\n            [focal_length] => 0\n            [iso] => 0\n            [shutter_speed] => 0\n            [title] => Analyst working with Business Analytics and Data Management System on computer to make report with KPI and metrics connected to database. Corporate strategy for finance, operations, sales, marketing\n            [orientation] => 1\n            [keywords] => Array\n                (\n                )\n\n        )\n\n    [original_image] => iStock-1286642964.jpg\n)\n<\/pre><\/small> -->\r\n\r\n    <div class=\"site-hero-block\">\r\n\t\t<div class=\"hero-content container\">\r\n            <div class=\"position-absolute h-100 d-flex flex-column justify-content-center\">\r\n                <div class=\"bg-white p-5\">\r\n                    <h1 class=\"mb-0\">Modul LIT Monitoring<br>\r\nf\u00fcr Proalpha<\/h1>\r\n<div class=\"bg-secondary my-3\" style=\"width: 20px; height: 20px\"><\/div>\r\n<p class=\"mb-0\">Analysewerkzeug f\u00fcr Ihre IT-Landschaft<\/p>                <\/div>\r\n            <\/div>\r\n        <\/div>\r\n        <div class=\"attachment-post-thumbnail imge-wrapper\">\r\n            <img fetchpriority=\"high\" decoding=\"async\" width=\"2560\" height=\"1706\" src=\"https:\/\/www.lit-beratung.de\/wp-content\/uploads\/2023\/05\/iStock-1286642964-scaled.jpg\" class=\"attachment-full size-full\" alt=\"\" srcset=\"https:\/\/www.lit-beratung.de\/wp-content\/uploads\/2023\/05\/iStock-1286642964-scaled.jpg 2560w, https:\/\/www.lit-beratung.de\/wp-content\/uploads\/2023\/05\/iStock-1286642964-300x200.jpg 300w, https:\/\/www.lit-beratung.de\/wp-content\/uploads\/2023\/05\/iStock-1286642964-1024x683.jpg 1024w, https:\/\/www.lit-beratung.de\/wp-content\/uploads\/2023\/05\/iStock-1286642964-768x512.jpg 768w, https:\/\/www.lit-beratung.de\/wp-content\/uploads\/2023\/05\/iStock-1286642964-1536x1024.jpg 1536w, https:\/\/www.lit-beratung.de\/wp-content\/uploads\/2023\/05\/iStock-1286642964-2048x1365.jpg 2048w\" sizes=\"(max-width: 2560px) 100vw, 2560px\" \/>        <\/div>\r\n    <\/div>\r\n\r\n<\/section>\n\n\n\n<div class=\"wp-block-group alignfull custom-gradient py-5 bg-icon-animation\"><div class=\"wp-block-group__inner-container is-layout-flow wp-block-group-is-layout-flow\">\n<div class=\"wp-block-group container\"><div class=\"wp-block-group__inner-container is-layout-flow wp-block-group-is-layout-flow\">\n<div class=\"wp-block-columns is-layout-flex wp-container-core-columns-is-layout-9d6595d7 wp-block-columns-is-layout-flex\">\n<div class=\"wp-block-column is-layout-flow wp-block-column-is-layout-flow\" style=\"flex-basis:66.66%\">\n<h2 class=\"wp-block-heading mb-0 mt-5\" id=\"lit-module-fur-proalpha-anzahlungsgeschaft\"><strong>LIT Monitoring<\/strong>: LIT Modul auf Basis der etablierten Software ProTop\u00ae<\/h2>\n\n\n\n<div class=\"bg-light my-3\" style=\"width: 20px;height: 20px\"><\/div>\n\n\n\n<p>Monitoring &amp; Alerting aller System-, Progress- <br>und Proalpha-Prozesse<\/p>\n<\/div>\n\n\n\n<div class=\"wp-block-column is-layout-flow wp-block-column-is-layout-flow\" style=\"flex-basis:33.33%\">\n<div style=\"height:100px\" aria-hidden=\"true\" class=\"wp-block-spacer\"><\/div>\n<\/div>\n<\/div>\n<\/div><\/div>\n<\/div><\/div>\n\n\n\n<div style=\"height:80px\" aria-hidden=\"true\" class=\"wp-block-spacer\"><\/div>\n\n\n\n<div class=\"wp-block-group\"><div class=\"wp-block-group__inner-container is-layout-flow wp-block-group-is-layout-flow\">\n<div style=\"height:80px\" aria-hidden=\"true\" class=\"wp-block-spacer\"><\/div>\n\n\n\n<h2 class=\"wp-block-heading mb-0\" id=\"lit-module-fur-proalpha-baukomponente\"><strong>Einsatzgebiete des Moduls LIT Monitoring<\/strong><\/h2>\n\n\n\n<h3 class=\"wp-block-heading mb-0\" id=\"ubersichtliche-verwaltung-von-subunternehmen\">Ganzheitliches Monitoring mit hohem Automatisierungsgrad<\/h3>\n\n\n\r\n<div class=\"bg-secondary my-3\" style=\"width: 20px; height: 20px\"><\/div>\n\n\n<p>Das Modul <strong>LIT Monitoring<\/strong> \u00fcbernimmt die wichtige Aufgabe, den Zustand Ihrer gesamten Systemlandschaft zu \u00fcberwachen und bietet die notwendige Infrastruktur f\u00fcr den Aufbau Ihres Alert-Monitorings zur Fr\u00fcherkennung kritischer Zust\u00e4nde.<\/p>\n\n\n\n<p>Im Dashboard werden konfigurierbare Ereignisse und Alarme \u00fcbersichtlich dargestellt. Die Komponente bildet die technische Grundlage f\u00fcr die \u00dcberwachung von Systemen und Anwendungen.<br><br>Sie m\u00f6chten sich die Highlights dieser Erweiterung noch einmal in Ruhe ansehen? Kein Problem. <a href=\"https:\/\/www.lit-beratung.de\/wp-content\/uploads\/2025\/02\/LIT_Komponente_Monitoring.pdf\">Downloaden Sie unseren Flyer<\/a> oder <a href=\"https:\/\/www.lit-beratung.de\/de-ch\/kontakt\/#kontaktformular\">kontaktieren Sie uns<\/a> um mehr zu erfahren.<\/p>\n\n\n\n<div style=\"height:80px\" aria-hidden=\"true\" class=\"wp-block-spacer\"><\/div>\n<\/div><\/div>\n\n\n<div id=\"cc-component-check-block_54068cc39e7448dc83c405c2b34f4647\" class=\"component-check no_modules desktop\">\r\n\r\n    <div class=\"wp-block-columns\">\r\n        <div class=\"wp-block-column\" style=\"flex-basis:66.66%\">\r\n            <h3><\/h3>\r\n        <\/div><div class=\"wp-block-column\" style=\"flex-basis:33.33%\">\r\n            <h3><\/h3>\r\n        <\/div><\/div>\r\n\r\n    <div class=\"wp-block-columns cc-columns\">\r\n\r\n        <div class=\"wp-block-column subdivision-column\">\r\n            <div class=\"cc-content cc-subdivisions cc-subdivision-cc-component-check-block_54068cc39e7448dc83c405c2b34f4647\"><div class=\"cc-component-group\"><div class=\"hvr-sweep-to-right cc-subdivision cc-subdivision-0\">Highlights<\/div><div class=\"hvr-sweep-to-right cc-subdivision cc-subdivision-1\">proALPHA spezielles <br> Monitoring<\/div><div class=\"hvr-sweep-to-right cc-subdivision cc-subdivision-2\">Systemmonitoring<\/div><\/div><\/div>\r\n        <\/div>\r\n\r\n        <div class=\"wp-block-column description-column\">\r\n            <div class=\"cc-content cc-descriptions\"><div class=\"cc-component-group\"><div class=\"cc-description cc-description-0\"><h3><b>Highlights:<\/b><\/h3><ul><li>Onlinedashboards zur Visualisierung der gesamten Systemlandschaft bis auf Rechnerebene <\/li><li>Proaktive Benachrichtigungen bei Auff\u00e4lligkeiten<br \/>\r\n<\/li><li>Frei konfigurierbare Kennzahlen f\u00fcr die zu \u00fcberwachenden Prozesse<br \/>\r\n<\/li><li>Identifizierung und Implementierung umgebungsspezifischer Pr\u00fcfmechanismen gemeinsam mit der LIT Systemtechnik<br \/>\r\n<\/li><li>Kompatibel mit Classic AppServer oder PASOE AppServer (ab proALPHA Version 9.x)<br \/>\r\n<\/li><\/ul><\/div><div class=\"cc-description cc-description-1\"><h3><b>proALPHA spezielles Monitoring:<\/b><\/h3><ul><li>Queue-\u00dcberwachung <\/li><li>DMS-\u00dcberwachung<\/li><\/ul><br \/>\r\n<b>In K\u00fcrze <\/b><ul><li>\u00dcberwachung des Optimierers (APS)<br \/>\r\n<\/li><li>\u00dcberwachung des Tagesabschlusses hinsichtlich Laufzeit und Fehlern<br \/>\r\n<\/li><li>\u00dcberwachung der Jobkonsole auf Fehler mit Meldung bei St\u00f6rung<br \/>\r\n<\/li><\/ul><\/div><div class=\"cc-description cc-description-2\"><h3><b>Systemmonitoring:<\/b><\/h3><ul><li>\u00dcberwachung von Gr\u00f6\u00dfe und Wachstum der Datenbanksicherungen (BI-File) <\/li><li>Identifizierung von anormalen Zugriffen auf Datenbanktabellen<br \/>\r\n<\/li><li>Pr\u00fcfen auf h\u00e4ngende oder offene Transaktionen <br \/>\r\n<\/li><li>\u00dcberwachung und Monitoring der Applikation-Server<br \/>\r\n<\/li><li>\u00dcberwachung der Datenbank-Extents<br \/>\r\n<\/li><li>\u00dcberwachung von DB-Log-Dateien<br \/>\r\n<\/li><li>Backup-Kontrolle<\/li><\/ul><\/div><\/div><\/div>\r\n        <\/div>\r\n\r\n        <div class=\"wp-block-column module-column\">\r\n            <div class=\"cc-content cc-modules\"><\/div>\r\n        <\/div>\r\n\r\n    <\/div>\r\n<\/div><div id=\"cc-component-check-block_54068cc39e7448dc83c405c2b34f4647\" class=\"component-check no_modules mobile\"><div class=\"cc-content cc-subdivisions cc-subdivision-\"><select class=\"cc-component-group\">\r\n                <option disabled selected>Bitte ausw\u00e4hlen<\/option><option value=\"cc-subdivision-0\" class=\"cc-subdivision cc-subdivision-0\">Highlights<\/option><option value=\"cc-subdivision-1\" class=\"cc-subdivision cc-subdivision-1\">proALPHA spezielles <br> Monitoring<\/option><option value=\"cc-subdivision-2\" class=\"cc-subdivision cc-subdivision-2\">Systemmonitoring<\/option><\/select><\/div>\r\n\r\n    <h3>Erg\u00e4nzung des Prozesses:<\/h3> \r\n    <div class=\"cc-content cc-modules\"><\/div>\r\n\r\n    <div class=\"cc-content cc-descriptions\"><div class=\"cc-component-group\"><div class=\"cc-description cc-description-0\"><h3><b>Highlights:<\/b><\/h3><ul><li>Onlinedashboards zur Visualisierung der gesamten Systemlandschaft bis auf Rechnerebene <\/li><li>Proaktive Benachrichtigungen bei Auff\u00e4lligkeiten<br \/>\r\n<\/li><li>Frei konfigurierbare Kennzahlen f\u00fcr die zu \u00fcberwachenden Prozesse<br \/>\r\n<\/li><li>Identifizierung und Implementierung umgebungsspezifischer Pr\u00fcfmechanismen gemeinsam mit der LIT Systemtechnik<br \/>\r\n<\/li><li>Kompatibel mit Classic AppServer oder PASOE AppServer (ab proALPHA Version 9.x)<br \/>\r\n<\/li><\/ul><\/div><div class=\"cc-description cc-description-1\"><h3><b>proALPHA spezielles Monitoring:<\/b><\/h3><ul><li>Queue-\u00dcberwachung <\/li><li>DMS-\u00dcberwachung<\/li><\/ul><br \/>\r\n<b>In K\u00fcrze <\/b><ul><li>\u00dcberwachung des Optimierers (APS)<br \/>\r\n<\/li><li>\u00dcberwachung des Tagesabschlusses hinsichtlich Laufzeit und Fehlern<br \/>\r\n<\/li><li>\u00dcberwachung der Jobkonsole auf Fehler mit Meldung bei St\u00f6rung<br \/>\r\n<\/li><\/ul><\/div><div class=\"cc-description cc-description-2\"><h3><b>Systemmonitoring:<\/b><\/h3><ul><li>\u00dcberwachung von Gr\u00f6\u00dfe und Wachstum der Datenbanksicherungen (BI-File) <\/li><li>Identifizierung von anormalen Zugriffen auf Datenbanktabellen<br \/>\r\n<\/li><li>Pr\u00fcfen auf h\u00e4ngende oder offene Transaktionen <br \/>\r\n<\/li><li>\u00dcberwachung und Monitoring der Applikation-Server<br \/>\r\n<\/li><li>\u00dcberwachung der Datenbank-Extents<br \/>\r\n<\/li><li>\u00dcberwachung von DB-Log-Dateien<br \/>\r\n<\/li><li>Backup-Kontrolle<\/li><\/ul><\/div><\/div><\/div>\r\n    \r\n<\/div>\n\n\n<div class=\"wp-block-group\"><div class=\"wp-block-group__inner-container is-layout-flow wp-block-group-is-layout-flow\">\n<div style=\"height:30px\" aria-hidden=\"true\" class=\"wp-block-spacer\"><\/div>\n\n\n\n<div class=\"wp-block-buttons is-content-justification-center is-layout-flex wp-container-core-buttons-is-layout-16018d1d wp-block-buttons-is-layout-flex\">\n<div class=\"wp-block-button\"><a class=\"wp-block-button__link wp-element-button\" href=\"https:\/\/www.lit-beratung.de\/wp-content\/uploads\/2026\/02\/Modul_LIT_Monitoring.pdf\" target=\"_blank\" rel=\"noreferrer noopener\">PDF-Download: Modul LIT Monitoring<\/a><\/div>\n<\/div>\n<\/div><\/div>\n\n\n\n<div style=\"height:200px\" aria-hidden=\"true\" class=\"wp-block-spacer\"><\/div>\n\n\n\n<div class=\"wp-block-group alignfull py-5 section-bg-2 design-element-secondary-before\"><div class=\"wp-block-group__inner-container is-layout-flow wp-block-group-is-layout-flow\">\n<div class=\"wp-block-group container\"><div class=\"wp-block-group__inner-container is-layout-flow wp-block-group-is-layout-flow\">\n<div style=\"height:50px\" aria-hidden=\"true\" class=\"wp-block-spacer\"><\/div>\n\n\n\n<p class=\"text-uppercase h6 fw-bold text-light\">proALPHA kann Mit LIT mehr<\/p>\n\n\n\n<p class=\"h2 text-light\">Unsere Produkte erweitern perfekt Ihr individuelles Projektgesch\u00e4ft.<\/p>\n\n\n\n<div style=\"height:80px\" aria-hidden=\"true\" class=\"wp-block-spacer\"><\/div>\n\n\n\n<div class=\"wp-block-buttons mt-5 is-layout-flex wp-block-buttons-is-layout-flex\">\n<div class=\"wp-block-button\"><a class=\"wp-block-button__link wp-element-button\" href=\"https:\/\/www.lit-beratung.de\/lit_module\/\">Jetzt alle LIT Produkte kennenlernen!<\/a><\/div>\n<\/div>\n\n\n\n<div style=\"height:50px\" aria-hidden=\"true\" class=\"wp-block-spacer\"><\/div>\n<\/div><\/div>\n<\/div><\/div>\n","protected":false},"excerpt":{"rendered":"<p>LIT Monitoring: LIT Modul auf Basis der etablierten Software ProTop\u00ae Monitoring &amp; Alerting aller System-, Progress- und Proalpha-Prozesse Einsatzgebiete des Moduls LIT Monitoring Ganzheitliches Monitoring mit hohem Automatisierungsgrad Das Modul LIT Monitoring \u00fcbernimmt die wichtige Aufgabe, den Zustand Ihrer gesamten Systemlandschaft zu \u00fcberwachen und bietet die notwendige Infrastruktur f\u00fcr den Aufbau Ihres Alert-Monitorings zur Fr\u00fcherkennung [&hellip;]<\/p>\n","protected":false},"author":3,"featured_media":3470,"parent":0,"menu_order":0,"comment_status":"closed","ping_status":"closed","template":"","meta":{"inline_featured_image":false,"footnotes":""},"wf_page_folders":[15],"class_list":["post-3480","page","type-page","status-publish","has-post-thumbnail","hentry"],"acf":[],"yoast_head":"<!-- This site is optimized with the Yoast SEO plugin v27.5 - https:\/\/yoast.com\/product\/yoast-seo-wordpress\/ -->\n<title>Modul LIT Monitoring - LIT Beratung GmbH<\/title>\n<meta name=\"description\" content=\"Modul LIT Monitoring f\u00fcr Proalpha: \u00dcberwachen Sie Prozesse, erkennen kritische Systemzust\u00e4nde und reagieren automatisiert per Alerting.\" \/>\n<meta name=\"robots\" content=\"index, follow, max-snippet:-1, max-image-preview:large, max-video-preview:-1\" \/>\n<link rel=\"canonical\" href=\"https:\/\/www.lit-beratung.de\/de-ch\/modul-lit-monitoring\/\" \/>\n<meta property=\"og:locale\" content=\"de_DE\" \/>\n<meta property=\"og:type\" content=\"article\" \/>\n<meta property=\"og:title\" content=\"Modul LIT Monitoring - LIT Beratung GmbH\" \/>\n<meta property=\"og:description\" content=\"Modul LIT Monitoring f\u00fcr Proalpha: \u00dcberwachen Sie Prozesse, erkennen kritische Systemzust\u00e4nde und reagieren automatisiert per Alerting.\" \/>\n<meta property=\"og:url\" content=\"https:\/\/www.lit-beratung.de\/de-ch\/modul-lit-monitoring\/\" \/>\n<meta property=\"og:site_name\" content=\"LIT Beratung GmbH\" \/>\n<meta property=\"article:modified_time\" content=\"2026-02-26T11:01:32+00:00\" \/>\n<meta property=\"og:image\" content=\"https:\/\/www.lit-beratung.de\/wp-content\/uploads\/2023\/05\/iStock-1286642964-scaled.jpg\" \/>\n\t<meta property=\"og:image:width\" content=\"2560\" \/>\n\t<meta property=\"og:image:height\" content=\"1706\" \/>\n\t<meta property=\"og:image:type\" content=\"image\/jpeg\" \/>\n<meta name=\"twitter:card\" content=\"summary_large_image\" \/>\n<meta name=\"twitter:label1\" content=\"Gesch\u00e4tzte Lesezeit\" \/>\n\t<meta name=\"twitter:data1\" content=\"1\u00a0Minute\" \/>\n<script type=\"application\/ld+json\" class=\"yoast-schema-graph\">{\"@context\":\"https:\\\/\\\/schema.org\",\"@graph\":[{\"@type\":\"WebPage\",\"@id\":\"https:\\\/\\\/www.lit-beratung.de\\\/de-ch\\\/modul-lit-monitoring\\\/\",\"url\":\"https:\\\/\\\/www.lit-beratung.de\\\/de-ch\\\/modul-lit-monitoring\\\/\",\"name\":\"Modul LIT Monitoring - LIT Beratung GmbH\",\"isPartOf\":{\"@id\":\"https:\\\/\\\/www.lit-beratung.de\\\/#website\"},\"primaryImageOfPage\":{\"@id\":\"https:\\\/\\\/www.lit-beratung.de\\\/de-ch\\\/modul-lit-monitoring\\\/#primaryimage\"},\"image\":{\"@id\":\"https:\\\/\\\/www.lit-beratung.de\\\/de-ch\\\/modul-lit-monitoring\\\/#primaryimage\"},\"thumbnailUrl\":\"https:\\\/\\\/www.lit-beratung.de\\\/wp-content\\\/uploads\\\/2023\\\/05\\\/iStock-1286642964-scaled.jpg\",\"datePublished\":\"2023-05-19T06:53:04+00:00\",\"dateModified\":\"2026-02-26T11:01:32+00:00\",\"description\":\"Modul LIT Monitoring f\u00fcr Proalpha: \u00dcberwachen Sie Prozesse, erkennen kritische Systemzust\u00e4nde und reagieren automatisiert per Alerting.\",\"breadcrumb\":{\"@id\":\"https:\\\/\\\/www.lit-beratung.de\\\/de-ch\\\/modul-lit-monitoring\\\/#breadcrumb\"},\"inLanguage\":\"de-CH\",\"potentialAction\":[{\"@type\":\"ReadAction\",\"target\":[\"https:\\\/\\\/www.lit-beratung.de\\\/de-ch\\\/modul-lit-monitoring\\\/\"]}]},{\"@type\":\"ImageObject\",\"inLanguage\":\"de-CH\",\"@id\":\"https:\\\/\\\/www.lit-beratung.de\\\/de-ch\\\/modul-lit-monitoring\\\/#primaryimage\",\"url\":\"https:\\\/\\\/www.lit-beratung.de\\\/wp-content\\\/uploads\\\/2023\\\/05\\\/iStock-1286642964-scaled.jpg\",\"contentUrl\":\"https:\\\/\\\/www.lit-beratung.de\\\/wp-content\\\/uploads\\\/2023\\\/05\\\/iStock-1286642964-scaled.jpg\",\"width\":2560,\"height\":1706,\"caption\":\"Analyst working with Business Analytics and Data Management System on computer to make report with KPI and metrics connected to database. Corporate strategy for finance, operations, sales, marketing\"},{\"@type\":\"BreadcrumbList\",\"@id\":\"https:\\\/\\\/www.lit-beratung.de\\\/de-ch\\\/modul-lit-monitoring\\\/#breadcrumb\",\"itemListElement\":[{\"@type\":\"ListItem\",\"position\":1,\"name\":\"Start\",\"item\":\"https:\\\/\\\/www.lit-beratung.de\\\/de-ch\\\/\"},{\"@type\":\"ListItem\",\"position\":2,\"name\":\"Modul LIT Monitoring\"}]},{\"@type\":\"WebSite\",\"@id\":\"https:\\\/\\\/www.lit-beratung.de\\\/#website\",\"url\":\"https:\\\/\\\/www.lit-beratung.de\\\/\",\"name\":\"LIT Beratung GmbH\",\"description\":\"\",\"potentialAction\":[{\"@type\":\"SearchAction\",\"target\":{\"@type\":\"EntryPoint\",\"urlTemplate\":\"https:\\\/\\\/www.lit-beratung.de\\\/?s={search_term_string}\"},\"query-input\":{\"@type\":\"PropertyValueSpecification\",\"valueRequired\":true,\"valueName\":\"search_term_string\"}}],\"inLanguage\":\"de-CH\"}]}<\/script>\n<!-- \/ Yoast SEO plugin. -->","yoast_head_json":{"title":"Modul LIT Monitoring - LIT Beratung GmbH","description":"Modul LIT Monitoring f\u00fcr Proalpha: \u00dcberwachen Sie Prozesse, erkennen kritische Systemzust\u00e4nde und reagieren automatisiert per Alerting.","robots":{"index":"index","follow":"follow","max-snippet":"max-snippet:-1","max-image-preview":"max-image-preview:large","max-video-preview":"max-video-preview:-1"},"canonical":"https:\/\/www.lit-beratung.de\/de-ch\/modul-lit-monitoring\/","og_locale":"de_DE","og_type":"article","og_title":"Modul LIT Monitoring - LIT Beratung GmbH","og_description":"Modul LIT Monitoring f\u00fcr Proalpha: \u00dcberwachen Sie Prozesse, erkennen kritische Systemzust\u00e4nde und reagieren automatisiert per Alerting.","og_url":"https:\/\/www.lit-beratung.de\/de-ch\/modul-lit-monitoring\/","og_site_name":"LIT Beratung GmbH","article_modified_time":"2026-02-26T11:01:32+00:00","og_image":[{"width":2560,"height":1706,"url":"https:\/\/www.lit-beratung.de\/wp-content\/uploads\/2023\/05\/iStock-1286642964-scaled.jpg","type":"image\/jpeg"}],"twitter_card":"summary_large_image","twitter_misc":{"Gesch\u00e4tzte Lesezeit":"1\u00a0Minute"},"schema":{"@context":"https:\/\/schema.org","@graph":[{"@type":"WebPage","@id":"https:\/\/www.lit-beratung.de\/de-ch\/modul-lit-monitoring\/","url":"https:\/\/www.lit-beratung.de\/de-ch\/modul-lit-monitoring\/","name":"Modul LIT Monitoring - LIT Beratung GmbH","isPartOf":{"@id":"https:\/\/www.lit-beratung.de\/#website"},"primaryImageOfPage":{"@id":"https:\/\/www.lit-beratung.de\/de-ch\/modul-lit-monitoring\/#primaryimage"},"image":{"@id":"https:\/\/www.lit-beratung.de\/de-ch\/modul-lit-monitoring\/#primaryimage"},"thumbnailUrl":"https:\/\/www.lit-beratung.de\/wp-content\/uploads\/2023\/05\/iStock-1286642964-scaled.jpg","datePublished":"2023-05-19T06:53:04+00:00","dateModified":"2026-02-26T11:01:32+00:00","description":"Modul LIT Monitoring f\u00fcr Proalpha: \u00dcberwachen Sie Prozesse, erkennen kritische Systemzust\u00e4nde und reagieren automatisiert per Alerting.","breadcrumb":{"@id":"https:\/\/www.lit-beratung.de\/de-ch\/modul-lit-monitoring\/#breadcrumb"},"inLanguage":"de-CH","potentialAction":[{"@type":"ReadAction","target":["https:\/\/www.lit-beratung.de\/de-ch\/modul-lit-monitoring\/"]}]},{"@type":"ImageObject","inLanguage":"de-CH","@id":"https:\/\/www.lit-beratung.de\/de-ch\/modul-lit-monitoring\/#primaryimage","url":"https:\/\/www.lit-beratung.de\/wp-content\/uploads\/2023\/05\/iStock-1286642964-scaled.jpg","contentUrl":"https:\/\/www.lit-beratung.de\/wp-content\/uploads\/2023\/05\/iStock-1286642964-scaled.jpg","width":2560,"height":1706,"caption":"Analyst working with Business Analytics and Data Management System on computer to make report with KPI and metrics connected to database. Corporate strategy for finance, operations, sales, marketing"},{"@type":"BreadcrumbList","@id":"https:\/\/www.lit-beratung.de\/de-ch\/modul-lit-monitoring\/#breadcrumb","itemListElement":[{"@type":"ListItem","position":1,"name":"Start","item":"https:\/\/www.lit-beratung.de\/de-ch\/"},{"@type":"ListItem","position":2,"name":"Modul LIT Monitoring"}]},{"@type":"WebSite","@id":"https:\/\/www.lit-beratung.de\/#website","url":"https:\/\/www.lit-beratung.de\/","name":"LIT Beratung GmbH","description":"","potentialAction":[{"@type":"SearchAction","target":{"@type":"EntryPoint","urlTemplate":"https:\/\/www.lit-beratung.de\/?s={search_term_string}"},"query-input":{"@type":"PropertyValueSpecification","valueRequired":true,"valueName":"search_term_string"}}],"inLanguage":"de-CH"}]}},"_links":{"self":[{"href":"https:\/\/www.lit-beratung.de\/de-ch\/wp-json\/wp\/v2\/pages\/3480","targetHints":{"allow":["GET"]}}],"collection":[{"href":"https:\/\/www.lit-beratung.de\/de-ch\/wp-json\/wp\/v2\/pages"}],"about":[{"href":"https:\/\/www.lit-beratung.de\/de-ch\/wp-json\/wp\/v2\/types\/page"}],"author":[{"embeddable":true,"href":"https:\/\/www.lit-beratung.de\/de-ch\/wp-json\/wp\/v2\/users\/3"}],"replies":[{"embeddable":true,"href":"https:\/\/www.lit-beratung.de\/de-ch\/wp-json\/wp\/v2\/comments?post=3480"}],"version-history":[{"count":19,"href":"https:\/\/www.lit-beratung.de\/de-ch\/wp-json\/wp\/v2\/pages\/3480\/revisions"}],"predecessor-version":[{"id":11708,"href":"https:\/\/www.lit-beratung.de\/de-ch\/wp-json\/wp\/v2\/pages\/3480\/revisions\/11708"}],"wp:featuredmedia":[{"embeddable":true,"href":"https:\/\/www.lit-beratung.de\/de-ch\/wp-json\/wp\/v2\/media\/3470"}],"wp:attachment":[{"href":"https:\/\/www.lit-beratung.de\/de-ch\/wp-json\/wp\/v2\/media?parent=3480"}],"wp:term":[{"taxonomy":"wf_page_folders","embeddable":true,"href":"https:\/\/www.lit-beratung.de\/de-ch\/wp-json\/wp\/v2\/wf_page_folders?post=3480"}],"curies":[{"name":"wp","href":"https:\/\/api.w.org\/{rel}","templated":true}]}}