{"id":1472,"date":"2021-12-15T15:24:47","date_gmt":"2021-12-15T14:24:47","guid":{"rendered":"https:\/\/www.lit-beratung.de\/proalpha\/systemtechnik\/"},"modified":"2026-01-26T13:29:40","modified_gmt":"2026-01-26T12:29:40","slug":"systemtechnik","status":"publish","type":"page","link":"https:\/\/www.lit-beratung.de\/de-ch\/proalpha\/systemtechnik\/","title":{"rendered":"Systemtechnik"},"content":{"rendered":"\r\n<section id=\"cc-site-hero-block_64931b717809e2f467f817c65707a99e\" class=\"site-hero site-hero-block full-width p-0\">\r\n\r\n    <!-- <small><pre>Array\n(\n    [width] => 2121\n    [height] => 1414\n    [file] => 2022\/08\/iStock-1322517295.jpg\n    [filesize] => 1278661\n    [sizes] => Array\n        (\n            [medium] => Array\n                (\n                    [file] => iStock-1322517295-300x200.jpg\n                    [width] => 300\n                    [height] => 200\n                    [mime-type] => image\/jpeg\n                    [filesize] => 28428\n                )\n\n            [large] => Array\n                (\n                    [file] => iStock-1322517295-1024x683.jpg\n                    [width] => 1024\n                    [height] => 683\n                    [mime-type] => image\/jpeg\n                    [filesize] => 128032\n                )\n\n            [thumbnail] => Array\n                (\n                    [file] => iStock-1322517295-150x150.jpg\n                    [width] => 150\n                    [height] => 150\n                    [mime-type] => image\/jpeg\n                    [filesize] => 20128\n                )\n\n            [medium_large] => Array\n                (\n                    [file] => iStock-1322517295-768x512.jpg\n                    [width] => 768\n                    [height] => 512\n                    [mime-type] => image\/jpeg\n                    [filesize] => 86852\n                )\n\n            [1536x1536] => Array\n                (\n                    [file] => iStock-1322517295-1536x1024.jpg\n                    [width] => 1536\n                    [height] => 1024\n                    [mime-type] => image\/jpeg\n                    [filesize] => 224762\n                )\n\n            [2048x2048] => Array\n                (\n                    [file] => iStock-1322517295-2048x1365.jpg\n                    [width] => 2048\n                    [height] => 1365\n                    [mime-type] => image\/jpeg\n                    [filesize] => 336725\n                )\n\n            [card-thumbnail] => Array\n                (\n                    [file] => iStock-1322517295-401x325.jpg\n                    [width] => 401\n                    [height] => 325\n                    [mime-type] => image\/jpeg\n                    [filesize] => 46069\n                )\n\n        )\n\n    [image_meta] => Array\n        (\n            [aperture] => 0\n            [credit] => Getty Images\/iStockphoto\n            [camera] => \n            [caption] => Cyber security IT engineer working on protecting network against cyberattack from hackers on internet. Secure access for online privacy and personal data protection. Hands typing on keyboard and PCB\n            [created_timestamp] => 1601655748\n            [copyright] => Nicolas Herrbach\n            [focal_length] => 0\n            [iso] => 0\n            [shutter_speed] => 0\n            [title] => Cyber security IT engineer working on protecting network against cyberattack from hackers on internet. Secure access for online privacy and personal data protection. Hands typing on keyboard and PCB\n            [orientation] => 1\n            [keywords] => Array\n                (\n                )\n\n        )\n\n)\n<\/pre><\/small> -->\r\n\r\n    <div class=\"site-hero-block\">\r\n\t\t<div class=\"hero-content container\">\r\n            <div class=\"position-absolute h-100 d-flex flex-column justify-content-center\">\r\n                <div class=\"bg-white p-5\">\r\n                    <h1 class=\"mb-0\">Proalpha<br \/>Systemtechnik<\/h1>\r\n<div class=\"bg-secondary my-3\" style=\"width: 20px; height: 20px\"><\/div>\r\n<p class=\"mb-0\">Individuelle Beratung und Betreuung<br \/>rund um die Systemtechnik Ihrer<br \/>Proalpha ERP-Umgebung.<\/p>                <\/div>\r\n            <\/div>\r\n        <\/div>\r\n        <div class=\"attachment-post-thumbnail imge-wrapper\">\r\n            <img fetchpriority=\"high\" decoding=\"async\" width=\"2121\" height=\"1414\" src=\"https:\/\/www.lit-beratung.de\/wp-content\/uploads\/2022\/08\/iStock-1322517295.jpg\" class=\"attachment-full size-full\" alt=\"\" srcset=\"https:\/\/www.lit-beratung.de\/wp-content\/uploads\/2022\/08\/iStock-1322517295.jpg 2121w, https:\/\/www.lit-beratung.de\/wp-content\/uploads\/2022\/08\/iStock-1322517295-300x200.jpg 300w, https:\/\/www.lit-beratung.de\/wp-content\/uploads\/2022\/08\/iStock-1322517295-1024x683.jpg 1024w, https:\/\/www.lit-beratung.de\/wp-content\/uploads\/2022\/08\/iStock-1322517295-768x512.jpg 768w, https:\/\/www.lit-beratung.de\/wp-content\/uploads\/2022\/08\/iStock-1322517295-1536x1024.jpg 1536w, https:\/\/www.lit-beratung.de\/wp-content\/uploads\/2022\/08\/iStock-1322517295-2048x1365.jpg 2048w\" sizes=\"(max-width: 2121px) 100vw, 2121px\" \/>        <\/div>\r\n    <\/div>\r\n\r\n<\/section>\n\n\n\n<div class=\"wp-block-group alignfull custom-gradient py-5 bg-icon-animation\"><div class=\"wp-block-group__inner-container is-layout-flow wp-block-group-is-layout-flow\">\n<div class=\"wp-block-group container\"><div class=\"wp-block-group__inner-container is-layout-flow wp-block-group-is-layout-flow\">\n<div class=\"wp-block-columns is-layout-flex wp-container-core-columns-is-layout-9d6595d7 wp-block-columns-is-layout-flex\">\n<div class=\"wp-block-column is-layout-flow wp-block-column-is-layout-flow\" style=\"flex-basis:66.66%\">\n<h2 class=\"wp-block-heading mb-0 mt-5\" id=\"proalpha-systemtechnik-1\"><strong>Ausfallsichere Systeme dank optimaler Betreuung<\/strong><\/h2>\n\n\n\n<h3 class=\"wp-block-heading mb-0 mt-0\" id=\"ausfallsichere-systeme-dank-optimaler-betreuung-1\">Unsere Systemtechniker machen Ihre IT sicher und zuverl\u00e4ssig.<\/h3>\n\n\n\n<div class=\"bg-light my-3\" style=\"width: 20px; height: 20px\"><\/div>\n\n\n\n<p>Ein reibungsloser IT-Betrieb tr\u00e4gt zu Ihrer Wettbewerbsf\u00e4higkeit und Ihrem Gesch\u00e4ftserfolg bei. Unsere Systemtechniker \u00fcbernehmen deshalb die Administration Ihrer Datenbanken und der gesamten Proalpha Infrastruktur. Sie richten neue Systeme ein und betreuen auch die laufende Proalpha Logistik. <br><\/p>\n\n\n\n<p>Unsere Systemtechniker haben die kritischen Systeme und Prozesse im Blick und entwickeln L\u00f6sungen, bevor es zu Ausf\u00e4llen kommt.<\/p>\n<\/div>\n\n\n\n<div class=\"wp-block-column is-layout-flow wp-block-column-is-layout-flow\" style=\"flex-basis:33.33%\">\n<div style=\"height:100px\" aria-hidden=\"true\" class=\"wp-block-spacer\"><\/div>\n<\/div>\n<\/div>\n<\/div><\/div>\n<\/div><\/div>\n\n\n\n<div class=\"wp-block-cover alignfull is-light has-parallax\"><div class=\"wp-block-cover__image-background wp-image-981 has-parallax\" style=\"background-position:50% 50%;background-image:url(https:\/\/www.lit-beratung.de\/wp-content\/uploads\/2022\/03\/1182697690.jpg)\"><\/div><span aria-hidden=\"true\" class=\"wp-block-cover__background has-white-background-color has-background-dim-70 has-background-dim\"><\/span><div class=\"wp-block-cover__inner-container is-layout-flow wp-block-cover-is-layout-flow\">\n<p class=\"has-white-color has-text-color\">Wir holen das beste aus ihrem System heraus!<\/p>\n<\/div><\/div>\n\n\n\n<div style=\"height:200px\" aria-hidden=\"true\" class=\"wp-block-spacer\"><\/div>\n\n\n\n<div class=\"wp-block-group\"><div class=\"wp-block-group__inner-container is-layout-flow wp-block-group-is-layout-flow\">\n<h2 class=\"wp-block-heading mb-0\" id=\"ihre-proalpha-schnittstellen-im-blick\"><strong>Wir optimieren Ihre Systemtechnik und Datenbanken.<\/strong><\/h2>\n\n\n\r\n<div class=\"bg-secondary my-3\" style=\"width: 20px; height: 20px\"><\/div>\n\n\n<p>Wir sorgen nicht nur f\u00fcr einen reibungslosen Ablauf, sondern k\u00fcmmern uns auch um die Weiterentwicklung. Ob bei der Optimierung der Systemarchitektur und der Datenbanken, bei der Analyse der Performance und der Systemlandschaft oder durch Beratung zum Einsatz von Monitoringwerkzeugen.<\/p>\n\n\n\n<p>Unsere Systemtechniker \u00fcbernehmen die Administration Ihrer Datenbanken und der gesamten IT-Infrastruktur. Sie richten neue Systeme ein und betreuen auch Ihre laufende Proalpha Logistik. Wir holen das Beste aus Ihrem System heraus.<\/p>\n\n\n\n<div style=\"height:100px\" aria-hidden=\"true\" class=\"wp-block-spacer\"><\/div>\n\n\n<div class=\"service-slider\"><div id=\"cc-service-slider-block_bd4d9f224c63440e80b6bb2ceb119b01\" class=\"mb-5 service-slide\" style=\"background-color: #eeeeee;\"><img decoding=\"async\" src=\"https:\/\/www.lit-beratung.de\/wp-content\/uploads\/2022\/03\/servers.png\" alt=\"\" \/><p><b>Server verwalten<\/b><\/p>\r\n                <p>Wir \u00fcberwachen und verwalten Ihre Server von unseren B\u00fcros aus.<\/p>\r\n            <\/div><div id=\"cc-service-slider-block_bd4d9f224c63440e80b6bb2ceb119b01\" class=\"mb-5 service-slide\" style=\"background-color: #eeeeee;\"><img decoding=\"async\" src=\"https:\/\/www.lit-beratung.de\/wp-content\/uploads\/2022\/03\/1000_F_429757135_jFryPhFE7XjguYGujpoDlAaefugTKm7t.png\" alt=\"\" \/><p><b>Installationen durchf\u00fchren<\/b><\/p>\r\n                <p>Wir \u00fcbernehmen f\u00fcr Sie wichtige Installationen zur Erweiterung Ihres Systems.<\/p>\r\n            <\/div><div id=\"cc-service-slider-block_bd4d9f224c63440e80b6bb2ceb119b01\" class=\"mb-5 service-slide\" style=\"background-color: #eeeeee;\"><img decoding=\"async\" src=\"https:\/\/www.lit-beratung.de\/wp-content\/uploads\/2022\/03\/system-update.png\" alt=\"\" \/><p><b>Updates installieren<\/b><\/p>\r\n                <p>Wir halten Ihr System up to date und f\u00fchren f\u00fcr Sie alle wichtigen Updates durch.<\/p>\r\n            <\/div><div id=\"cc-service-slider-block_bd4d9f224c63440e80b6bb2ceb119b01\" class=\"mb-5 service-slide\" style=\"background-color: #eeeeee;\"><img decoding=\"async\" src=\"https:\/\/www.lit-beratung.de\/wp-content\/uploads\/2022\/03\/download.png\" alt=\"\" \/><p><b>Anpassungen einspielen<\/b><\/p>\r\n                <p>Wir unterst\u00fctzen Sie dabei, wenn Sie \u00c4nderungen an Ihrem Proalpha vornehmen wollen.<\/p>\r\n            <\/div><div id=\"cc-service-slider-block_bd4d9f224c63440e80b6bb2ceb119b01\" class=\"mb-5 service-slide\" style=\"background-color: #eeeeee;\"><img decoding=\"async\" src=\"https:\/\/www.lit-beratung.de\/wp-content\/uploads\/2022\/03\/datenbank.png\" alt=\"\" \/><p><b>Datenbanken administrieren<\/b><\/p>\r\n                <p>Wir verwalten Ihr Datenbankmanagementsystem remote. <\/p>\r\n            <\/div><div id=\"cc-service-slider-block_bd4d9f224c63440e80b6bb2ceb119b01\" class=\"mb-5 service-slide\" style=\"background-color: #eeeeee;\"><img decoding=\"async\" src=\"https:\/\/www.lit-beratung.de\/wp-content\/uploads\/2022\/03\/622401.png\" alt=\"\" \/><p><b>Performance kontrollieren<\/b><\/p>\r\n                <p>Wir stellen die Leistung Ihres ERP sicher und geben Ratschl\u00e4ge zur Optimierung der Performance.  <\/p>\r\n            <\/div><\/div><\/div><\/div>\n\n\n\n<div class=\"wp-block-group alignfull custom-gradient py-5 bg-icon-animation\"><div class=\"wp-block-group__inner-container is-layout-flow wp-block-group-is-layout-flow\">\n<div class=\"wp-block-group container\"><div class=\"wp-block-group__inner-container is-layout-flow wp-block-group-is-layout-flow\">\n<div class=\"wp-block-columns is-layout-flex wp-container-core-columns-is-layout-9d6595d7 wp-block-columns-is-layout-flex\">\n<div class=\"wp-block-column is-layout-flow wp-block-column-is-layout-flow\" style=\"flex-basis:33.33%\">\n<h2 class=\"wp-block-heading mb-0 mt-5\" id=\"systemausfall-nutzen-sie-unseren-teamviewer-service\"><strong><strong>Systemnotfall?<\/strong><br><\/strong>Nutzen Sie unseren TeamViewer-Service!<\/h2>\n\n\n\r\n<div class=\"bg-light my-3\" style=\"width: 20px; height: 20px\"><\/div><\/div>\n\n\n\n<div class=\"wp-block-column is-layout-flow wp-block-column-is-layout-flow\" style=\"flex-basis:66.66%\">\n<div style=\"height:65px\" aria-hidden=\"true\" class=\"wp-block-spacer\"><\/div>\n\n\n\n<p>Sie haben ein dringendes Problem mit Ihrem Proalpha ERP-System?<br>Nutzen Sie unseren TeamViewer-Service und wir \u00fcberpr\u00fcfen mit Ihnen Ihr System.<\/p>\n\n\n\n<div class=\"wp-block-buttons is-layout-flex wp-block-buttons-is-layout-flex\">\n<div class=\"wp-block-button bg-secondary-btn\"><a class=\"wp-block-button__link wp-element-button\" href=\"\/kontakt\/\">Jetzt unseren Support kontaktieren<\/a><\/div>\n<\/div>\n<\/div>\n<\/div>\n<\/div><\/div>\n<\/div><\/div>\n\n\n\n<div style=\"height:100px\" aria-hidden=\"true\" class=\"wp-block-spacer\"><\/div>\n\n\n\n<div class=\"wp-block-columns alignfull bg-white mb-0 is-layout-flex wp-container-core-columns-is-layout-9d6595d7 wp-block-columns-is-layout-flex\">\n<div class=\"wp-block-column p-0 h-100 is-layout-flow wp-block-column-is-layout-flow\" style=\"flex-basis:50%\">\n<figure class=\"wp-block-image size-full is-resized p-0 m-0 h-100\"><img decoding=\"async\" width=\"900\" height=\"506\" src=\"https:\/\/www.lit-beratung.de\/wp-content\/uploads\/2022\/08\/LIT-Beratung-ProAlpha-LIT-Module-Automobil-Bau-Metall-Kunststoff-Medizin-15.jpg\" alt=\"\" class=\"wp-image-2528\" style=\"width:909px;height:auto\" srcset=\"https:\/\/www.lit-beratung.de\/wp-content\/uploads\/2022\/08\/LIT-Beratung-ProAlpha-LIT-Module-Automobil-Bau-Metall-Kunststoff-Medizin-15.jpg 900w, https:\/\/www.lit-beratung.de\/wp-content\/uploads\/2022\/08\/LIT-Beratung-ProAlpha-LIT-Module-Automobil-Bau-Metall-Kunststoff-Medizin-15-300x169.jpg 300w, https:\/\/www.lit-beratung.de\/wp-content\/uploads\/2022\/08\/LIT-Beratung-ProAlpha-LIT-Module-Automobil-Bau-Metall-Kunststoff-Medizin-15-768x432.jpg 768w\" sizes=\"(max-width: 900px) 100vw, 900px\" \/><\/figure>\n<\/div>\n\n\n\n<div class=\"wp-block-column is-vertically-aligned-center p-0 is-layout-flow wp-block-column-is-layout-flow\">\n<div class=\"wp-block-group px-5\"><div class=\"wp-block-group__inner-container is-layout-flow wp-block-group-is-layout-flow\">\n<h2 class=\"wp-block-heading mb-0\" id=\"schnittstellen-zu-individuellen-modulen\"><strong>LIT Produkte<\/strong><\/h2>\n\n\n\n<h5 class=\"wp-block-heading mb-0\" id=\"wir-behalten-den-uberblick\">Planen, koordinieren und kontrollieren Sie Ihr<br>ERP-System mit den ma\u00dfgeschneiderten<br>Produkten von LIT f\u00fcr Proalpha .<\/h5>\n<\/div><\/div>\n\n\n\n<div class=\"wp-block-group px-5\"><div class=\"wp-block-group__inner-container is-layout-flow wp-block-group-is-layout-flow\">\r\n<div class=\"bg-secondary my-3\" style=\"width: 20px; height: 20px\"><\/div>\n\n\n<p><strong>Exakt auf Ihr Projektgesch\u00e4ft abgestimmt.<\/strong><\/p>\n\n\n\n<div class=\"wp-block-buttons is-layout-flex wp-block-buttons-is-layout-flex\">\n<div class=\"wp-block-button\"><a class=\"wp-block-button__link wp-element-button\" href=\"https:\/\/www.lit-beratung.de\/lit_produkte\/\" target=\"_blank\" rel=\"noreferrer noopener\">Zu den Produkten<\/a><\/div>\n<\/div>\n<\/div><\/div>\n<\/div>\n<\/div>\n","protected":false},"excerpt":{"rendered":"<p>Ausfallsichere Systeme dank optimaler Betreuung Unsere Systemtechniker machen Ihre IT sicher und zuverl\u00e4ssig. Ein reibungsloser IT-Betrieb tr\u00e4gt zu Ihrer Wettbewerbsf\u00e4higkeit und Ihrem Gesch\u00e4ftserfolg bei. Unsere Systemtechniker \u00fcbernehmen deshalb die Administration Ihrer Datenbanken und der gesamten Proalpha Infrastruktur. Sie richten neue Systeme ein und betreuen auch die laufende Proalpha Logistik. Unsere Systemtechniker haben die kritischen Systeme [&hellip;]<\/p>\n","protected":false},"author":1,"featured_media":2156,"parent":1468,"menu_order":3,"comment_status":"closed","ping_status":"closed","template":"","meta":{"inline_featured_image":false,"footnotes":""},"wf_page_folders":[],"class_list":["post-1472","page","type-page","status-publish","has-post-thumbnail","hentry"],"acf":[],"yoast_head":"<!-- This site is optimized with the Yoast SEO plugin v27.4 - https:\/\/yoast.com\/product\/yoast-seo-wordpress\/ -->\n<title>Systemtechnik - LIT Beratung GmbH<\/title>\n<meta name=\"robots\" content=\"index, follow, max-snippet:-1, max-image-preview:large, max-video-preview:-1\" \/>\n<link rel=\"canonical\" href=\"https:\/\/www.lit-beratung.de\/proalpha\/systemtechnik\/\" \/>\n<meta property=\"og:locale\" content=\"de_DE\" \/>\n<meta property=\"og:type\" content=\"article\" \/>\n<meta property=\"og:title\" content=\"Systemtechnik - LIT Beratung GmbH\" \/>\n<meta property=\"og:description\" content=\"Ausfallsichere Systeme dank optimaler Betreuung Unsere Systemtechniker machen Ihre IT sicher und zuverl\u00e4ssig. Ein reibungsloser IT-Betrieb tr\u00e4gt zu Ihrer Wettbewerbsf\u00e4higkeit und Ihrem Gesch\u00e4ftserfolg bei. Unsere Systemtechniker \u00fcbernehmen deshalb die Administration Ihrer Datenbanken und der gesamten Proalpha Infrastruktur. Sie richten neue Systeme ein und betreuen auch die laufende Proalpha Logistik. Unsere Systemtechniker haben die kritischen Systeme [&hellip;]\" \/>\n<meta property=\"og:url\" content=\"https:\/\/www.lit-beratung.de\/proalpha\/systemtechnik\/\" \/>\n<meta property=\"og:site_name\" content=\"LIT Beratung GmbH\" \/>\n<meta property=\"article:modified_time\" content=\"2026-01-26T12:29:40+00:00\" \/>\n<meta property=\"og:image\" content=\"https:\/\/www.lit-beratung.de\/wp-content\/uploads\/2022\/08\/iStock-1322517295.jpg\" \/>\n\t<meta property=\"og:image:width\" content=\"2121\" \/>\n\t<meta property=\"og:image:height\" content=\"1414\" \/>\n\t<meta property=\"og:image:type\" content=\"image\/jpeg\" \/>\n<meta name=\"twitter:card\" content=\"summary_large_image\" \/>\n<meta name=\"twitter:label1\" content=\"Gesch\u00e4tzte Lesezeit\" \/>\n\t<meta name=\"twitter:data1\" content=\"3\u00a0Minuten\" \/>\n<script type=\"application\/ld+json\" class=\"yoast-schema-graph\">{\"@context\":\"https:\\\/\\\/schema.org\",\"@graph\":[{\"@type\":\"WebPage\",\"@id\":\"https:\\\/\\\/www.lit-beratung.de\\\/proalpha\\\/systemtechnik\\\/\",\"url\":\"https:\\\/\\\/www.lit-beratung.de\\\/proalpha\\\/systemtechnik\\\/\",\"name\":\"Systemtechnik - LIT Beratung GmbH\",\"isPartOf\":{\"@id\":\"https:\\\/\\\/www.lit-beratung.de\\\/#website\"},\"primaryImageOfPage\":{\"@id\":\"https:\\\/\\\/www.lit-beratung.de\\\/proalpha\\\/systemtechnik\\\/#primaryimage\"},\"image\":{\"@id\":\"https:\\\/\\\/www.lit-beratung.de\\\/proalpha\\\/systemtechnik\\\/#primaryimage\"},\"thumbnailUrl\":\"https:\\\/\\\/www.lit-beratung.de\\\/wp-content\\\/uploads\\\/2022\\\/08\\\/iStock-1322517295.jpg\",\"datePublished\":\"2021-12-15T14:24:47+00:00\",\"dateModified\":\"2026-01-26T12:29:40+00:00\",\"breadcrumb\":{\"@id\":\"https:\\\/\\\/www.lit-beratung.de\\\/proalpha\\\/systemtechnik\\\/#breadcrumb\"},\"inLanguage\":\"de-CH\",\"potentialAction\":[{\"@type\":\"ReadAction\",\"target\":[\"https:\\\/\\\/www.lit-beratung.de\\\/proalpha\\\/systemtechnik\\\/\"]}]},{\"@type\":\"ImageObject\",\"inLanguage\":\"de-CH\",\"@id\":\"https:\\\/\\\/www.lit-beratung.de\\\/proalpha\\\/systemtechnik\\\/#primaryimage\",\"url\":\"https:\\\/\\\/www.lit-beratung.de\\\/wp-content\\\/uploads\\\/2022\\\/08\\\/iStock-1322517295.jpg\",\"contentUrl\":\"https:\\\/\\\/www.lit-beratung.de\\\/wp-content\\\/uploads\\\/2022\\\/08\\\/iStock-1322517295.jpg\",\"width\":2121,\"height\":1414,\"caption\":\"Cyber security IT engineer working on protecting network against cyberattack from hackers on internet. Secure access for online privacy and personal data protection. Hands typing on keyboard and PCB\"},{\"@type\":\"BreadcrumbList\",\"@id\":\"https:\\\/\\\/www.lit-beratung.de\\\/proalpha\\\/systemtechnik\\\/#breadcrumb\",\"itemListElement\":[{\"@type\":\"ListItem\",\"position\":1,\"name\":\"Start\",\"item\":\"https:\\\/\\\/www.lit-beratung.de\\\/de-ch\\\/\"},{\"@type\":\"ListItem\",\"position\":2,\"name\":\"proALPHA\",\"item\":\"https:\\\/\\\/www.lit-beratung.de\\\/de-ch\\\/proalpha\\\/\"},{\"@type\":\"ListItem\",\"position\":3,\"name\":\"Systemtechnik\"}]},{\"@type\":\"WebSite\",\"@id\":\"https:\\\/\\\/www.lit-beratung.de\\\/#website\",\"url\":\"https:\\\/\\\/www.lit-beratung.de\\\/\",\"name\":\"LIT Beratung GmbH\",\"description\":\"\",\"potentialAction\":[{\"@type\":\"SearchAction\",\"target\":{\"@type\":\"EntryPoint\",\"urlTemplate\":\"https:\\\/\\\/www.lit-beratung.de\\\/?s={search_term_string}\"},\"query-input\":{\"@type\":\"PropertyValueSpecification\",\"valueRequired\":true,\"valueName\":\"search_term_string\"}}],\"inLanguage\":\"de-CH\"}]}<\/script>\n<!-- \/ Yoast SEO plugin. -->","yoast_head_json":{"title":"Systemtechnik - LIT Beratung GmbH","robots":{"index":"index","follow":"follow","max-snippet":"max-snippet:-1","max-image-preview":"max-image-preview:large","max-video-preview":"max-video-preview:-1"},"canonical":"https:\/\/www.lit-beratung.de\/proalpha\/systemtechnik\/","og_locale":"de_DE","og_type":"article","og_title":"Systemtechnik - LIT Beratung GmbH","og_description":"Ausfallsichere Systeme dank optimaler Betreuung Unsere Systemtechniker machen Ihre IT sicher und zuverl\u00e4ssig. Ein reibungsloser IT-Betrieb tr\u00e4gt zu Ihrer Wettbewerbsf\u00e4higkeit und Ihrem Gesch\u00e4ftserfolg bei. Unsere Systemtechniker \u00fcbernehmen deshalb die Administration Ihrer Datenbanken und der gesamten Proalpha Infrastruktur. Sie richten neue Systeme ein und betreuen auch die laufende Proalpha Logistik. Unsere Systemtechniker haben die kritischen Systeme [&hellip;]","og_url":"https:\/\/www.lit-beratung.de\/proalpha\/systemtechnik\/","og_site_name":"LIT Beratung GmbH","article_modified_time":"2026-01-26T12:29:40+00:00","og_image":[{"width":2121,"height":1414,"url":"https:\/\/www.lit-beratung.de\/wp-content\/uploads\/2022\/08\/iStock-1322517295.jpg","type":"image\/jpeg"}],"twitter_card":"summary_large_image","twitter_misc":{"Gesch\u00e4tzte Lesezeit":"3\u00a0Minuten"},"schema":{"@context":"https:\/\/schema.org","@graph":[{"@type":"WebPage","@id":"https:\/\/www.lit-beratung.de\/proalpha\/systemtechnik\/","url":"https:\/\/www.lit-beratung.de\/proalpha\/systemtechnik\/","name":"Systemtechnik - LIT Beratung GmbH","isPartOf":{"@id":"https:\/\/www.lit-beratung.de\/#website"},"primaryImageOfPage":{"@id":"https:\/\/www.lit-beratung.de\/proalpha\/systemtechnik\/#primaryimage"},"image":{"@id":"https:\/\/www.lit-beratung.de\/proalpha\/systemtechnik\/#primaryimage"},"thumbnailUrl":"https:\/\/www.lit-beratung.de\/wp-content\/uploads\/2022\/08\/iStock-1322517295.jpg","datePublished":"2021-12-15T14:24:47+00:00","dateModified":"2026-01-26T12:29:40+00:00","breadcrumb":{"@id":"https:\/\/www.lit-beratung.de\/proalpha\/systemtechnik\/#breadcrumb"},"inLanguage":"de-CH","potentialAction":[{"@type":"ReadAction","target":["https:\/\/www.lit-beratung.de\/proalpha\/systemtechnik\/"]}]},{"@type":"ImageObject","inLanguage":"de-CH","@id":"https:\/\/www.lit-beratung.de\/proalpha\/systemtechnik\/#primaryimage","url":"https:\/\/www.lit-beratung.de\/wp-content\/uploads\/2022\/08\/iStock-1322517295.jpg","contentUrl":"https:\/\/www.lit-beratung.de\/wp-content\/uploads\/2022\/08\/iStock-1322517295.jpg","width":2121,"height":1414,"caption":"Cyber security IT engineer working on protecting network against cyberattack from hackers on internet. Secure access for online privacy and personal data protection. Hands typing on keyboard and PCB"},{"@type":"BreadcrumbList","@id":"https:\/\/www.lit-beratung.de\/proalpha\/systemtechnik\/#breadcrumb","itemListElement":[{"@type":"ListItem","position":1,"name":"Start","item":"https:\/\/www.lit-beratung.de\/de-ch\/"},{"@type":"ListItem","position":2,"name":"proALPHA","item":"https:\/\/www.lit-beratung.de\/de-ch\/proalpha\/"},{"@type":"ListItem","position":3,"name":"Systemtechnik"}]},{"@type":"WebSite","@id":"https:\/\/www.lit-beratung.de\/#website","url":"https:\/\/www.lit-beratung.de\/","name":"LIT Beratung GmbH","description":"","potentialAction":[{"@type":"SearchAction","target":{"@type":"EntryPoint","urlTemplate":"https:\/\/www.lit-beratung.de\/?s={search_term_string}"},"query-input":{"@type":"PropertyValueSpecification","valueRequired":true,"valueName":"search_term_string"}}],"inLanguage":"de-CH"}]}},"_links":{"self":[{"href":"https:\/\/www.lit-beratung.de\/de-ch\/wp-json\/wp\/v2\/pages\/1472","targetHints":{"allow":["GET"]}}],"collection":[{"href":"https:\/\/www.lit-beratung.de\/de-ch\/wp-json\/wp\/v2\/pages"}],"about":[{"href":"https:\/\/www.lit-beratung.de\/de-ch\/wp-json\/wp\/v2\/types\/page"}],"author":[{"embeddable":true,"href":"https:\/\/www.lit-beratung.de\/de-ch\/wp-json\/wp\/v2\/users\/1"}],"replies":[{"embeddable":true,"href":"https:\/\/www.lit-beratung.de\/de-ch\/wp-json\/wp\/v2\/comments?post=1472"}],"version-history":[{"count":18,"href":"https:\/\/www.lit-beratung.de\/de-ch\/wp-json\/wp\/v2\/pages\/1472\/revisions"}],"predecessor-version":[{"id":5650,"href":"https:\/\/www.lit-beratung.de\/de-ch\/wp-json\/wp\/v2\/pages\/1472\/revisions\/5650"}],"up":[{"embeddable":true,"href":"https:\/\/www.lit-beratung.de\/de-ch\/wp-json\/wp\/v2\/pages\/1468"}],"wp:featuredmedia":[{"embeddable":true,"href":"https:\/\/www.lit-beratung.de\/de-ch\/wp-json\/wp\/v2\/media\/2156"}],"wp:attachment":[{"href":"https:\/\/www.lit-beratung.de\/de-ch\/wp-json\/wp\/v2\/media?parent=1472"}],"wp:term":[{"taxonomy":"wf_page_folders","embeddable":true,"href":"https:\/\/www.lit-beratung.de\/de-ch\/wp-json\/wp\/v2\/wf_page_folders?post=1472"}],"curies":[{"name":"wp","href":"https:\/\/api.w.org\/{rel}","templated":true}]}}